{"id":179,"date":"2021-09-24T17:10:51","date_gmt":"2021-09-24T17:10:51","guid":{"rendered":"https:\/\/predexe.com\/?post_type=product&#038;p=179"},"modified":"2021-10-12T21:21:27","modified_gmt":"2021-10-12T21:21:27","slug":"detector-de-humo-fotoelectrico","status":"publish","type":"product","link":"https:\/\/predexe.com\/index.php\/producto\/detector-de-humo-fotoelectrico\/","title":{"rendered":"Detector de Humo fotoel\u00e9ctrico"},"content":{"rendered":"","protected":false},"excerpt":{"rendered":"<p>Detector de Humo fotoel\u00e9ctrico 4 hilos.<\/p>\n<ul>\n<li>La unidad cuenta con una c\u00e1mara de humo fotoel\u00e9ctrica para proteger vidas y bienes.<\/li>\n<li>Base para 4 cables<\/li>\n<li>Dos led\u2019s indican alimentaci\u00f3n y alarma<\/li>\n<li>Cumple con los requerimientos de la NFPA 72<\/li>\n<li>Con certificado CE.<\/li>\n<li>Marca\u00a0<strong>PREDEXE<\/strong><\/li>\n<li>Lo puedes comprar en <a href=\"https:\/\/extintorescamein.com\/\">Camein<\/a> o <a href=\"https:\/\/acplanetafuego.com\/?v=3fd6b696867d\">AC Planeta Fuego<\/a><\/li>\n<li><\/li>\n<\/ul>\n","protected":false},"featured_media":157,"template":"","meta":{"om_disable_all_campaigns":false,"_monsterinsights_skip_tracking":false,"_monsterinsights_sitenote_active":false,"_monsterinsights_sitenote_note":"","_monsterinsights_sitenote_category":0},"product_cat":[25],"product_tag":[],"aioseo_notices":[],"yoast_head":"<!-- This site is optimized with the Yoast SEO plugin v17.7 - https:\/\/yoast.com\/wordpress\/plugins\/seo\/ -->\n<title>Detector de Humo fotoel\u00e9ctrico - PREDEXE<\/title>\n<meta name=\"robots\" content=\"index, follow, max-snippet:-1, max-image-preview:large, max-video-preview:-1\" \/>\n<link rel=\"canonical\" href=\"https:\/\/predexe.com\/index.php\/producto\/detector-de-humo-fotoelectrico\/\" \/>\n<meta property=\"og:locale\" content=\"en_US\" \/>\n<meta property=\"og:type\" content=\"article\" \/>\n<meta property=\"og:title\" content=\"Detector de Humo fotoel\u00e9ctrico - PREDEXE\" \/>\n<meta property=\"og:description\" content=\"Detector de Humo fotoel\u00e9ctrico 4 hilos.   La unidad cuenta con una c\u00e1mara de humo fotoel\u00e9ctrica para proteger vidas y bienes.  Base para 4 cables  Dos led\u2019s indican alimentaci\u00f3n y alarma  Cumple con los requerimientos de la NFPA 72  Con certificado CE.  Marca\u00a0PREDEXE  Lo puedes comprar en Camein o AC Planeta Fuego\" \/>\n<meta property=\"og:url\" content=\"https:\/\/predexe.com\/index.php\/producto\/detector-de-humo-fotoelectrico\/\" \/>\n<meta property=\"og:site_name\" content=\"PREDEXE\" \/>\n<meta property=\"article:modified_time\" content=\"2021-10-12T21:21:27+00:00\" \/>\n<meta property=\"og:image\" content=\"https:\/\/predexe.com\/wp-content\/uploads\/2021\/09\/detector-de-humo.png\" \/>\n\t<meta property=\"og:image:width\" content=\"982\" \/>\n\t<meta property=\"og:image:height\" content=\"982\" \/>\n<meta name=\"twitter:card\" content=\"summary_large_image\" \/>\n<script type=\"application\/ld+json\" class=\"yoast-schema-graph\">{\"@context\":\"https:\/\/schema.org\",\"@graph\":[{\"@type\":\"WebSite\",\"@id\":\"https:\/\/predexe.com\/#website\",\"url\":\"https:\/\/predexe.com\/\",\"name\":\"PREDEXE\",\"description\":\"\",\"potentialAction\":[{\"@type\":\"SearchAction\",\"target\":{\"@type\":\"EntryPoint\",\"urlTemplate\":\"https:\/\/predexe.com\/?s={search_term_string}\"},\"query-input\":\"required name=search_term_string\"}],\"inLanguage\":\"en-US\"},{\"@type\":\"ImageObject\",\"@id\":\"https:\/\/predexe.com\/index.php\/producto\/detector-de-humo-fotoelectrico\/#primaryimage\",\"inLanguage\":\"en-US\",\"url\":\"https:\/\/predexe.com\/wp-content\/uploads\/2021\/09\/detector-de-humo.png\",\"contentUrl\":\"https:\/\/predexe.com\/wp-content\/uploads\/2021\/09\/detector-de-humo.png\",\"width\":982,\"height\":982},{\"@type\":\"WebPage\",\"@id\":\"https:\/\/predexe.com\/index.php\/producto\/detector-de-humo-fotoelectrico\/#webpage\",\"url\":\"https:\/\/predexe.com\/index.php\/producto\/detector-de-humo-fotoelectrico\/\",\"name\":\"Detector de Humo fotoel\\u00e9ctrico - PREDEXE\",\"isPartOf\":{\"@id\":\"https:\/\/predexe.com\/#website\"},\"primaryImageOfPage\":{\"@id\":\"https:\/\/predexe.com\/index.php\/producto\/detector-de-humo-fotoelectrico\/#primaryimage\"},\"datePublished\":\"2021-09-24T17:10:51+00:00\",\"dateModified\":\"2021-10-12T21:21:27+00:00\",\"breadcrumb\":{\"@id\":\"https:\/\/predexe.com\/index.php\/producto\/detector-de-humo-fotoelectrico\/#breadcrumb\"},\"inLanguage\":\"en-US\",\"potentialAction\":[{\"@type\":\"ReadAction\",\"target\":[\"https:\/\/predexe.com\/index.php\/producto\/detector-de-humo-fotoelectrico\/\"]}]},{\"@type\":\"BreadcrumbList\",\"@id\":\"https:\/\/predexe.com\/index.php\/producto\/detector-de-humo-fotoelectrico\/#breadcrumb\",\"itemListElement\":[{\"@type\":\"ListItem\",\"position\":1,\"name\":\"Portada\",\"item\":\"https:\/\/predexe.com\/\"},{\"@type\":\"ListItem\",\"position\":2,\"name\":\"Detector de Humo fotoel\\u00e9ctrico\"}]}]}<\/script>\n<!-- \/ Yoast SEO plugin. -->","yoast_head_json":{"title":"Detector de Humo fotoel\u00e9ctrico - PREDEXE","robots":{"index":"index","follow":"follow","max-snippet":"max-snippet:-1","max-image-preview":"max-image-preview:large","max-video-preview":"max-video-preview:-1"},"canonical":"https:\/\/predexe.com\/index.php\/producto\/detector-de-humo-fotoelectrico\/","og_locale":"en_US","og_type":"article","og_title":"Detector de Humo fotoel\u00e9ctrico - PREDEXE","og_description":"Detector de Humo fotoel\u00e9ctrico 4 hilos.   La unidad cuenta con una c\u00e1mara de humo fotoel\u00e9ctrica para proteger vidas y bienes.  Base para 4 cables  Dos led\u2019s indican alimentaci\u00f3n y alarma  Cumple con los requerimientos de la NFPA 72  Con certificado CE.  Marca\u00a0PREDEXE  Lo puedes comprar en Camein o AC Planeta Fuego","og_url":"https:\/\/predexe.com\/index.php\/producto\/detector-de-humo-fotoelectrico\/","og_site_name":"PREDEXE","article_modified_time":"2021-10-12T21:21:27+00:00","og_image":[{"width":982,"height":982,"url":"https:\/\/predexe.com\/wp-content\/uploads\/2021\/09\/detector-de-humo.png","type":"image\/png"}],"twitter_card":"summary_large_image","schema":{"@context":"https:\/\/schema.org","@graph":[{"@type":"WebSite","@id":"https:\/\/predexe.com\/#website","url":"https:\/\/predexe.com\/","name":"PREDEXE","description":"","potentialAction":[{"@type":"SearchAction","target":{"@type":"EntryPoint","urlTemplate":"https:\/\/predexe.com\/?s={search_term_string}"},"query-input":"required name=search_term_string"}],"inLanguage":"en-US"},{"@type":"ImageObject","@id":"https:\/\/predexe.com\/index.php\/producto\/detector-de-humo-fotoelectrico\/#primaryimage","inLanguage":"en-US","url":"https:\/\/predexe.com\/wp-content\/uploads\/2021\/09\/detector-de-humo.png","contentUrl":"https:\/\/predexe.com\/wp-content\/uploads\/2021\/09\/detector-de-humo.png","width":982,"height":982},{"@type":"WebPage","@id":"https:\/\/predexe.com\/index.php\/producto\/detector-de-humo-fotoelectrico\/#webpage","url":"https:\/\/predexe.com\/index.php\/producto\/detector-de-humo-fotoelectrico\/","name":"Detector de Humo fotoel\u00e9ctrico - PREDEXE","isPartOf":{"@id":"https:\/\/predexe.com\/#website"},"primaryImageOfPage":{"@id":"https:\/\/predexe.com\/index.php\/producto\/detector-de-humo-fotoelectrico\/#primaryimage"},"datePublished":"2021-09-24T17:10:51+00:00","dateModified":"2021-10-12T21:21:27+00:00","breadcrumb":{"@id":"https:\/\/predexe.com\/index.php\/producto\/detector-de-humo-fotoelectrico\/#breadcrumb"},"inLanguage":"en-US","potentialAction":[{"@type":"ReadAction","target":["https:\/\/predexe.com\/index.php\/producto\/detector-de-humo-fotoelectrico\/"]}]},{"@type":"BreadcrumbList","@id":"https:\/\/predexe.com\/index.php\/producto\/detector-de-humo-fotoelectrico\/#breadcrumb","itemListElement":[{"@type":"ListItem","position":1,"name":"Portada","item":"https:\/\/predexe.com\/"},{"@type":"ListItem","position":2,"name":"Detector de Humo fotoel\u00e9ctrico"}]}]}},"_links":{"self":[{"href":"https:\/\/predexe.com\/index.php\/wp-json\/wp\/v2\/product\/179"}],"collection":[{"href":"https:\/\/predexe.com\/index.php\/wp-json\/wp\/v2\/product"}],"about":[{"href":"https:\/\/predexe.com\/index.php\/wp-json\/wp\/v2\/types\/product"}],"wp:featuredmedia":[{"embeddable":true,"href":"https:\/\/predexe.com\/index.php\/wp-json\/wp\/v2\/media\/157"}],"wp:attachment":[{"href":"https:\/\/predexe.com\/index.php\/wp-json\/wp\/v2\/media?parent=179"}],"wp:term":[{"taxonomy":"product_cat","embeddable":true,"href":"https:\/\/predexe.com\/index.php\/wp-json\/wp\/v2\/product_cat?post=179"},{"taxonomy":"product_tag","embeddable":true,"href":"https:\/\/predexe.com\/index.php\/wp-json\/wp\/v2\/product_tag?post=179"}],"curies":[{"name":"wp","href":"https:\/\/api.w.org\/{rel}","templated":true}]}}