{"id":121,"date":"2021-09-24T15:58:12","date_gmt":"2021-09-24T15:58:12","guid":{"rendered":"https:\/\/predexe.com\/?post_type=product&#038;p=121"},"modified":"2021-10-12T21:47:58","modified_gmt":"2021-10-12T21:47:58","slug":"extintor-10-libras-pqs","status":"publish","type":"product","link":"https:\/\/predexe.com\/index.php\/producto\/extintor-10-libras-pqs\/","title":{"rendered":"Extintor 10 libras PQS"},"content":{"rendered":"","protected":false},"excerpt":{"rendered":"<p>Extintor\u00a0 recargable de 10 libras de Polvo Qu\u00edmico Seco PQS, para fuegos clase\u00a0<strong>A, B, C.<\/strong><\/p>\n<ul>\n<li>Con soporte de pared<\/li>\n<li>Man\u00f3metro indicador de presi\u00f3n, v\u00e1lvula de bronce, manguera de descarga,<\/li>\n<li>Cilindro de acero SPCC,<\/li>\n<li>Garant\u00eda 3 a\u00f1os.<\/li>\n<li>Marca\u00a0<strong>PREDEXE<\/strong><\/li>\n<li>Lo puedes comprar en <a href=\"https:\/\/extintorescamein.com\/\">Camein<\/a> o <a href=\"https:\/\/acplanetafuego.com\/?v=3fd6b696867d\">AC Planeta Fuego<\/a><\/li>\n<\/ul>\n","protected":false},"featured_media":102,"template":"","meta":{"om_disable_all_campaigns":false,"_monsterinsights_skip_tracking":false,"_monsterinsights_sitenote_active":false,"_monsterinsights_sitenote_note":"","_monsterinsights_sitenote_category":0},"product_cat":[19,18],"product_tag":[],"aioseo_notices":[],"yoast_head":"<!-- This site is optimized with the Yoast SEO plugin v17.7 - https:\/\/yoast.com\/wordpress\/plugins\/seo\/ -->\n<title>Extintor 10 libras PQS - PREDEXE<\/title>\n<meta name=\"robots\" content=\"index, follow, max-snippet:-1, max-image-preview:large, max-video-preview:-1\" \/>\n<link rel=\"canonical\" href=\"https:\/\/predexe.com\/index.php\/producto\/extintor-10-libras-pqs\/\" \/>\n<meta property=\"og:locale\" content=\"en_US\" \/>\n<meta property=\"og:type\" content=\"article\" \/>\n<meta property=\"og:title\" content=\"Extintor 10 libras PQS - PREDEXE\" \/>\n<meta property=\"og:description\" content=\"Extintor\u00a0 recargable de 10 libras de Polvo Qu\u00edmico Seco PQS, para fuegos clase\u00a0A, B, C.   Con soporte de pared  Man\u00f3metro indicador de presi\u00f3n, v\u00e1lvula de bronce, manguera de descarga,  Cilindro de acero SPCC,  Garant\u00eda 3 a\u00f1os.  Marca\u00a0PREDEXE  Lo puedes comprar en Camein o AC Planeta Fuego\" \/>\n<meta property=\"og:url\" content=\"https:\/\/predexe.com\/index.php\/producto\/extintor-10-libras-pqs\/\" \/>\n<meta property=\"og:site_name\" content=\"PREDEXE\" \/>\n<meta property=\"article:modified_time\" content=\"2021-10-12T21:47:58+00:00\" \/>\n<meta property=\"og:image\" content=\"https:\/\/predexe.com\/wp-content\/uploads\/2021\/09\/Extintor-10-lbs-pqs.png\" \/>\n\t<meta property=\"og:image:width\" content=\"1044\" \/>\n\t<meta property=\"og:image:height\" content=\"1043\" \/>\n<meta name=\"twitter:card\" content=\"summary_large_image\" \/>\n<script type=\"application\/ld+json\" class=\"yoast-schema-graph\">{\"@context\":\"https:\/\/schema.org\",\"@graph\":[{\"@type\":\"WebSite\",\"@id\":\"https:\/\/predexe.com\/#website\",\"url\":\"https:\/\/predexe.com\/\",\"name\":\"PREDEXE\",\"description\":\"\",\"potentialAction\":[{\"@type\":\"SearchAction\",\"target\":{\"@type\":\"EntryPoint\",\"urlTemplate\":\"https:\/\/predexe.com\/?s={search_term_string}\"},\"query-input\":\"required name=search_term_string\"}],\"inLanguage\":\"en-US\"},{\"@type\":\"ImageObject\",\"@id\":\"https:\/\/predexe.com\/index.php\/producto\/extintor-10-libras-pqs\/#primaryimage\",\"inLanguage\":\"en-US\",\"url\":\"https:\/\/predexe.com\/wp-content\/uploads\/2021\/09\/Extintor-10-lbs-pqs.png\",\"contentUrl\":\"https:\/\/predexe.com\/wp-content\/uploads\/2021\/09\/Extintor-10-lbs-pqs.png\",\"width\":1044,\"height\":1043},{\"@type\":\"WebPage\",\"@id\":\"https:\/\/predexe.com\/index.php\/producto\/extintor-10-libras-pqs\/#webpage\",\"url\":\"https:\/\/predexe.com\/index.php\/producto\/extintor-10-libras-pqs\/\",\"name\":\"Extintor 10 libras PQS - PREDEXE\",\"isPartOf\":{\"@id\":\"https:\/\/predexe.com\/#website\"},\"primaryImageOfPage\":{\"@id\":\"https:\/\/predexe.com\/index.php\/producto\/extintor-10-libras-pqs\/#primaryimage\"},\"datePublished\":\"2021-09-24T15:58:12+00:00\",\"dateModified\":\"2021-10-12T21:47:58+00:00\",\"breadcrumb\":{\"@id\":\"https:\/\/predexe.com\/index.php\/producto\/extintor-10-libras-pqs\/#breadcrumb\"},\"inLanguage\":\"en-US\",\"potentialAction\":[{\"@type\":\"ReadAction\",\"target\":[\"https:\/\/predexe.com\/index.php\/producto\/extintor-10-libras-pqs\/\"]}]},{\"@type\":\"BreadcrumbList\",\"@id\":\"https:\/\/predexe.com\/index.php\/producto\/extintor-10-libras-pqs\/#breadcrumb\",\"itemListElement\":[{\"@type\":\"ListItem\",\"position\":1,\"name\":\"Portada\",\"item\":\"https:\/\/predexe.com\/\"},{\"@type\":\"ListItem\",\"position\":2,\"name\":\"Extintor 10 libras PQS\"}]}]}<\/script>\n<!-- \/ Yoast SEO plugin. -->","yoast_head_json":{"title":"Extintor 10 libras PQS - PREDEXE","robots":{"index":"index","follow":"follow","max-snippet":"max-snippet:-1","max-image-preview":"max-image-preview:large","max-video-preview":"max-video-preview:-1"},"canonical":"https:\/\/predexe.com\/index.php\/producto\/extintor-10-libras-pqs\/","og_locale":"en_US","og_type":"article","og_title":"Extintor 10 libras PQS - PREDEXE","og_description":"Extintor\u00a0 recargable de 10 libras de Polvo Qu\u00edmico Seco PQS, para fuegos clase\u00a0A, B, C.   Con soporte de pared  Man\u00f3metro indicador de presi\u00f3n, v\u00e1lvula de bronce, manguera de descarga,  Cilindro de acero SPCC,  Garant\u00eda 3 a\u00f1os.  Marca\u00a0PREDEXE  Lo puedes comprar en Camein o AC Planeta Fuego","og_url":"https:\/\/predexe.com\/index.php\/producto\/extintor-10-libras-pqs\/","og_site_name":"PREDEXE","article_modified_time":"2021-10-12T21:47:58+00:00","og_image":[{"width":1044,"height":1043,"url":"https:\/\/predexe.com\/wp-content\/uploads\/2021\/09\/Extintor-10-lbs-pqs.png","type":"image\/png"}],"twitter_card":"summary_large_image","schema":{"@context":"https:\/\/schema.org","@graph":[{"@type":"WebSite","@id":"https:\/\/predexe.com\/#website","url":"https:\/\/predexe.com\/","name":"PREDEXE","description":"","potentialAction":[{"@type":"SearchAction","target":{"@type":"EntryPoint","urlTemplate":"https:\/\/predexe.com\/?s={search_term_string}"},"query-input":"required name=search_term_string"}],"inLanguage":"en-US"},{"@type":"ImageObject","@id":"https:\/\/predexe.com\/index.php\/producto\/extintor-10-libras-pqs\/#primaryimage","inLanguage":"en-US","url":"https:\/\/predexe.com\/wp-content\/uploads\/2021\/09\/Extintor-10-lbs-pqs.png","contentUrl":"https:\/\/predexe.com\/wp-content\/uploads\/2021\/09\/Extintor-10-lbs-pqs.png","width":1044,"height":1043},{"@type":"WebPage","@id":"https:\/\/predexe.com\/index.php\/producto\/extintor-10-libras-pqs\/#webpage","url":"https:\/\/predexe.com\/index.php\/producto\/extintor-10-libras-pqs\/","name":"Extintor 10 libras PQS - PREDEXE","isPartOf":{"@id":"https:\/\/predexe.com\/#website"},"primaryImageOfPage":{"@id":"https:\/\/predexe.com\/index.php\/producto\/extintor-10-libras-pqs\/#primaryimage"},"datePublished":"2021-09-24T15:58:12+00:00","dateModified":"2021-10-12T21:47:58+00:00","breadcrumb":{"@id":"https:\/\/predexe.com\/index.php\/producto\/extintor-10-libras-pqs\/#breadcrumb"},"inLanguage":"en-US","potentialAction":[{"@type":"ReadAction","target":["https:\/\/predexe.com\/index.php\/producto\/extintor-10-libras-pqs\/"]}]},{"@type":"BreadcrumbList","@id":"https:\/\/predexe.com\/index.php\/producto\/extintor-10-libras-pqs\/#breadcrumb","itemListElement":[{"@type":"ListItem","position":1,"name":"Portada","item":"https:\/\/predexe.com\/"},{"@type":"ListItem","position":2,"name":"Extintor 10 libras PQS"}]}]}},"_links":{"self":[{"href":"https:\/\/predexe.com\/index.php\/wp-json\/wp\/v2\/product\/121"}],"collection":[{"href":"https:\/\/predexe.com\/index.php\/wp-json\/wp\/v2\/product"}],"about":[{"href":"https:\/\/predexe.com\/index.php\/wp-json\/wp\/v2\/types\/product"}],"wp:featuredmedia":[{"embeddable":true,"href":"https:\/\/predexe.com\/index.php\/wp-json\/wp\/v2\/media\/102"}],"wp:attachment":[{"href":"https:\/\/predexe.com\/index.php\/wp-json\/wp\/v2\/media?parent=121"}],"wp:term":[{"taxonomy":"product_cat","embeddable":true,"href":"https:\/\/predexe.com\/index.php\/wp-json\/wp\/v2\/product_cat?post=121"},{"taxonomy":"product_tag","embeddable":true,"href":"https:\/\/predexe.com\/index.php\/wp-json\/wp\/v2\/product_tag?post=121"}],"curies":[{"name":"wp","href":"https:\/\/api.w.org\/{rel}","templated":true}]}}